{"id":848,"date":"2021-06-29T17:08:56","date_gmt":"2021-06-29T15:08:56","guid":{"rendered":"https:\/\/www.vinarius.ch\/?page_id=848"},"modified":"2025-09-29T22:10:34","modified_gmt":"2025-09-29T20:10:34","slug":"impressum","status":"publish","type":"page","link":"https:\/\/www.vinarius.ch\/?page_id=848","title":{"rendered":"Impressum"},"content":{"rendered":"\t\t<div data-elementor-type=\"wp-page\" data-elementor-id=\"848\" class=\"elementor elementor-848\" data-elementor-settings=\"[]\">\n\t\t\t\t\t\t\t<div class=\"elementor-section-wrap\">\n\t\t\t\t\t\t\t<section class=\"elementor-section elementor-top-section elementor-element elementor-element-6fe4bb2 elementor-section-boxed elementor-section-height-default elementor-section-height-default\" data-id=\"6fe4bb2\" data-element_type=\"section\">\n\t\t\t\t\t\t<div class=\"elementor-container elementor-column-gap-default\">\n\t\t\t\t\t<div class=\"elementor-column elementor-col-100 elementor-top-column elementor-element elementor-element-22af2d9\" data-id=\"22af2d9\" data-element_type=\"column\">\n\t\t\t<div class=\"elementor-widget-wrap elementor-element-populated\">\n\t\t\t\t\t\t\t\t<div class=\"elementor-element elementor-element-d1e7d73 elementor-widget elementor-widget-heading\" data-id=\"d1e7d73\" data-element_type=\"widget\" data-widget_type=\"heading.default\">\n\t\t\t\t<div class=\"elementor-widget-container\">\n\t\t\t<h2 class=\"elementor-heading-title elementor-size-default\">Impressum<\/h2>\t\t<\/div>\n\t\t\t\t<\/div>\n\t\t\t\t<div class=\"elementor-element elementor-element-7e35e0c elementor-widget elementor-widget-text-editor\" data-id=\"7e35e0c\" data-element_type=\"widget\" data-widget_type=\"text-editor.default\">\n\t\t\t\t<div class=\"elementor-widget-container\">\n\t\t\t\t\t\t\t<p>Vinarius GmbH<br \/>H\u00f6henweg 12<br \/>CH-8471 B\u00e4nk (D\u00e4gerlen)<br \/>Tel. +41 52 316 28 28<\/p><p><a href=\"mailto:info@vinarius.ch\">info@vinarius.ch<\/a><\/p><p>Redaktion<br \/>Ennio Comi<\/p><p>Grafik<br \/>Atelier Stefan Wyss<\/p><p>CMS, Webshop<br \/><a href=\"http:\/\/www.zynex.ch\/\" target=\"_blank\" rel=\"noopener\">Zynex AG<\/a><\/p><p><strong>Copyright<\/strong><br \/>Das Copyright f\u00fcr s\u00e4mtliche Bild- und Textbeitr\u00e4ge liegt bei Vinarius GmbH, H\u00f6henweg 12, CH-8471 B\u00e4nk (D\u00e4gerlen).<\/p><p><strong>Datenschutz, Sicherheit<\/strong><br \/>Vinarius GmbH h\u00e4lt sich an die Bestimmungen der schweizerischen Datenschutzgesetzgebung. Ihre Adressinformationen werden zu keinem Zweck und zu keiner Zeit an Dritte verkauft, vermietet oder f\u00fcr Zwecke Dritter weitergegeben.<\/p>\t\t\t\t\t\t<\/div>\n\t\t\t\t<\/div>\n\t\t\t\t\t<\/div>\n\t\t<\/div>\n\t\t\t\t\t\t\t<\/div>\n\t\t<\/section>\n\t\t\t\t\t\t<\/div>\n\t\t\t\t\t<\/div>\n\t\t","protected":false},"excerpt":{"rendered":"<p>Impressum Vinarius GmbHH\u00f6henweg 12CH-8471 B\u00e4nk (D\u00e4gerlen)Tel. +41 52 316 28 28 info@vinarius.ch RedaktionEnnio Comi GrafikAtelier Stefan Wyss CMS, WebshopZynex AG CopyrightDas Copyright f\u00fcr s\u00e4mtliche Bild- und Textbeitr\u00e4ge liegt bei Vinarius GmbH, H\u00f6henweg 12, CH-8471 B\u00e4nk (D\u00e4gerlen). Datenschutz, SicherheitVinarius GmbH h\u00e4lt sich an die Bestimmungen der schweizerischen Datenschutzgesetzgebung. Ihre Adressinformationen werden zu keinem Zweck und zu &hellip;<\/p>\n<p class=\"read-more\"> <a class=\"\" href=\"https:\/\/www.vinarius.ch\/?page_id=848\"> <span class=\"screen-reader-text\">Impressum<\/span> Read More &raquo;<\/a><\/p>\n","protected":false},"author":1,"featured_media":0,"parent":0,"menu_order":0,"comment_status":"closed","ping_status":"closed","template":"","meta":{"footnotes":""},"class_list":["post-848","page","type-page","status-publish","hentry"],"_links":{"self":[{"href":"https:\/\/www.vinarius.ch\/index.php?rest_route=\/wp\/v2\/pages\/848","targetHints":{"allow":["GET"]}}],"collection":[{"href":"https:\/\/www.vinarius.ch\/index.php?rest_route=\/wp\/v2\/pages"}],"about":[{"href":"https:\/\/www.vinarius.ch\/index.php?rest_route=\/wp\/v2\/types\/page"}],"author":[{"embeddable":true,"href":"https:\/\/www.vinarius.ch\/index.php?rest_route=\/wp\/v2\/users\/1"}],"replies":[{"embeddable":true,"href":"https:\/\/www.vinarius.ch\/index.php?rest_route=%2Fwp%2Fv2%2Fcomments&post=848"}],"version-history":[{"count":9,"href":"https:\/\/www.vinarius.ch\/index.php?rest_route=\/wp\/v2\/pages\/848\/revisions"}],"predecessor-version":[{"id":19080,"href":"https:\/\/www.vinarius.ch\/index.php?rest_route=\/wp\/v2\/pages\/848\/revisions\/19080"}],"wp:attachment":[{"href":"https:\/\/www.vinarius.ch\/index.php?rest_route=%2Fwp%2Fv2%2Fmedia&parent=848"}],"curies":[{"name":"wp","href":"https:\/\/api.w.org\/{rel}","templated":true}]}}