{"id":859,"date":"2021-06-29T17:16:17","date_gmt":"2021-06-29T15:16:17","guid":{"rendered":"https:\/\/www.vinarius.ch\/?page_id=859"},"modified":"2025-09-29T22:08:40","modified_gmt":"2025-09-29T20:08:40","slug":"agb","status":"publish","type":"page","link":"https:\/\/www.vinarius.ch\/?page_id=859","title":{"rendered":"AGB"},"content":{"rendered":"<h2>Konditionen und AGBs<\/h2>\n<p><strong>Allgemeine Gesch\u00e4ftsbedingungen (AGB) der Vinarius GmbH<\/strong><\/p>\n<ol>\n<li><strong>Angebot und Preise<\/strong><br \/>\nDas gesamte Angebot von Vinarius GmbH gilt solange Vorrat. Sortiments\u00e4nderungen bleiben vorbehalten. Die Preise verstehen sich in CHF pro Einheit.\u00a0Die gesetzliche Mehrwertsteuer von 8.1% bzw. 2.6% sowie die vorgezogene Entsorgungsgeb\u00fchr auf Glas sind in unseren Preisen inbegriffen. Preis\u00e4nderungen sind bis zu unserer definitiven Auftragsbest\u00e4tigung jederzeit m\u00f6glich und bed\u00fcrfen keiner vorg\u00e4ngigen Ank\u00fcndigung.<\/li>\n<li><strong>Rabatte<\/strong><br \/>\nVinarius gew\u00e4hrt folgende Mengenrabatte (bei Lieferung an eine Adresse):<br \/>\nab 36 Flaschen 3%<br \/>\nab 60 Flaschen 5%<br \/>\nab 96 Flaschen 8%<br \/>\nAusgenommen von diesen Mengenrabatten sind Ausverk\u00e4ufe, klassifizierte Bordeauxgew\u00e4chse sowie die Weine von Bruno Clair. Nur f\u00fcr Privatkunden.Abholrabatte k\u00f6nnen keine gew\u00e4hrt werden.<\/li>\n<li><strong>Lieferung<\/strong><br \/>\nDie Lieferung erfolgt nur innerhalb der Schweiz und FL. Die Lieferung wird durch unsere Logistikpartner Post, Vinolog und Imbach Logistik durchgef\u00fchrt. Die Lieferkosten betragen f\u00fcr:1 \u2013 5 Flaschen:\u00a0 g\u00fcltiger Posttarif + Verpackung<br \/>\n6 \u2013 12 Flaschen:\u00a0\u00a0\u00a0\u00a0\u00a0\u00a0 CHF 16.00<br \/>\n13 \u2013 35 Flaschen:\u00a0\u00a0\u00a0\u00a0 CHF 24.00Die Lieferung in der Stadt Winterthur und in den angrenzenden Gebieten erfolgt franko Haus ab 12 Flaschen.<\/p>\n<p>Ab 36 Flaschen oder einem Fakturabetrag von CHF 700.00 erfolgt die Lieferung franko Domizil.<\/p>\n<p>Andere Flaschenformate werden entsprechend umgerechnet. Die Lieferung erfolgt in der Regel innerhalb von 5 Tagen. F\u00fcr Expresslieferung bitte um entsprechende Anfrage.<\/p>\n<p>Transportsch\u00e4den sind innerhalb 5 Tage zu melden, damit ein Versicherungsanspruch geltend gemacht werden kann.<\/p>\n<p>Kein Export.<\/li>\n<li><strong>Zahlung<\/strong><br \/>\nInnert 30 Tagen nach Fakturadatum netto. Nach Ablauf der Zahlungsfrist sind wir \u2013 nach zweimaliger Mahnung \u2013 berechtigt, nach unserer Wahl die Bestellung zu annullieren oder 1% Verzugszins pro Monat plus CHF 20.00 Mahngeb\u00fchr zu berechnen. Alle Weine\/Artikel bleiben bis zur vollst\u00e4ndigen Bezahlung unser Eigentum.<br \/>\nNeukunden bitten wir um die M\u00f6glichkeit der Kreditkartenbelastung, Vorauszahlung oder Barzahlung bei Abholung im Ladengesch\u00e4ft.<\/li>\n<li><strong>Subskriptionen<\/strong><br \/>\nBei Subskriptionen kaufen wir nach Erhalt Ihrer Zahlung die von Ihnen bestellten Weine in unserem Namen aber auf Rechnung und Gefahr des Kunden. Die Preise f\u00fcr Subskriptionen verstehen sich pro 75cl-Flasche, Zoll, Transport, Versicherung und Import bis unser Lager Winterthur. Die Preise beinhalten auch unsere Anspr\u00fcche als Kommission\u00e4r auf Auslagenersatz und Kommission. Die Nachbelastung einer allf\u00e4lligen Erh\u00f6hung der Mehrwertsteuer bis zum Zeitpunkt der Auslieferung bleibt vorbehalten. Der Kunde erwirbt direkt das Eigentum an der Ware mit deren Auslieferung durch das Ch\u00e2teau. Die Auslieferung an unsere Kunden erfolgt in der Regel im Fr\u00fchjahr 2 Jahre nach der Ernte.<\/li>\n<li><strong>R\u00fcckgaberecht<\/strong><br \/>\nSagt Ihnen ein Wein nicht zu oder ist er fehlerhaft, profitieren Sie von unserem Umtauschrecht innerhalb drei Jahren ab Kaufdatum. Eine fachgerechte Lagerung ist vorausgesetzt. Es erfolgt keine Barauszahlung.<\/li>\n<li><strong>Gesetzliche Bestimmungen<\/strong><br \/>\nAlkoholische Getr\u00e4nke d\u00fcrfen in der Schweiz gem\u00e4ss den gesetzlichen Bestimmungen nicht an Jugendliche unter 16 Jahren verkauft werden, Spirituosen nicht an Minderj\u00e4hrige unter 18 Jahren. Mit Ihrer Bestellung anerkennen Sie diese Bestimmungen und best\u00e4tigen, dass Sie zum Einkauf berechtigt sind.<\/li>\n<li><strong>Anwendbares Recht und Gerichtsstand<\/strong><br \/>\nAnwendbar ist schweizerisches Recht. Ausschliesslicher Gerichtsstand ist Winterthur.<\/li>\n<\/ol>\n<p>B\u00e4nk, 29. September 2025<\/p>\n<p>Vinarius GmbH, H\u00f6henweg 12, CH-8471 B\u00e4nk (D\u00e4gerlen)<\/p>\n","protected":false},"excerpt":{"rendered":"<p>Konditionen und AGBs Allgemeine Gesch\u00e4ftsbedingungen (AGB) der Vinarius GmbH Angebot und Preise Das gesamte Angebot von Vinarius GmbH gilt solange Vorrat. Sortiments\u00e4nderungen bleiben vorbehalten. Die Preise verstehen sich in CHF pro Einheit.\u00a0Die gesetzliche Mehrwertsteuer von 8.1% bzw. 2.6% sowie die vorgezogene Entsorgungsgeb\u00fchr auf Glas sind in unseren Preisen inbegriffen. Preis\u00e4nderungen sind bis zu unserer definitiven &hellip;<\/p>\n<p class=\"read-more\"> <a class=\"\" href=\"https:\/\/www.vinarius.ch\/?page_id=859\"> <span class=\"screen-reader-text\">AGB<\/span> Read More &raquo;<\/a><\/p>\n","protected":false},"author":1,"featured_media":0,"parent":0,"menu_order":0,"comment_status":"closed","ping_status":"closed","template":"","meta":{"footnotes":""},"class_list":["post-859","page","type-page","status-publish","hentry"],"_links":{"self":[{"href":"https:\/\/www.vinarius.ch\/index.php?rest_route=\/wp\/v2\/pages\/859","targetHints":{"allow":["GET"]}}],"collection":[{"href":"https:\/\/www.vinarius.ch\/index.php?rest_route=\/wp\/v2\/pages"}],"about":[{"href":"https:\/\/www.vinarius.ch\/index.php?rest_route=\/wp\/v2\/types\/page"}],"author":[{"embeddable":true,"href":"https:\/\/www.vinarius.ch\/index.php?rest_route=\/wp\/v2\/users\/1"}],"replies":[{"embeddable":true,"href":"https:\/\/www.vinarius.ch\/index.php?rest_route=%2Fwp%2Fv2%2Fcomments&post=859"}],"version-history":[{"count":20,"href":"https:\/\/www.vinarius.ch\/index.php?rest_route=\/wp\/v2\/pages\/859\/revisions"}],"predecessor-version":[{"id":19077,"href":"https:\/\/www.vinarius.ch\/index.php?rest_route=\/wp\/v2\/pages\/859\/revisions\/19077"}],"wp:attachment":[{"href":"https:\/\/www.vinarius.ch\/index.php?rest_route=%2Fwp%2Fv2%2Fmedia&parent=859"}],"curies":[{"name":"wp","href":"https:\/\/api.w.org\/{rel}","templated":true}]}}